{"id":2536,"date":"2026-02-26T11:43:24","date_gmt":"2026-02-26T11:43:24","guid":{"rendered":"https:\/\/voudouant.org\/?post_type=product&#038;p=2536"},"modified":"2026-02-26T11:43:24","modified_gmt":"2026-02-26T11:43:24","slug":"lampe-tempete","status":"publish","type":"product","link":"https:\/\/voudouant.org\/index.php\/produit\/lampe-tempete\/","title":{"rendered":"Lampe temp\u00eate"},"content":{"rendered":"<p>Veux-tu que je te pr\u00e9pare un <strong>guide pas-\u00e0-pas sp\u00e9cifique \u00e0 Divi<\/strong> pour mettre en forme ta boutique WooCommerce comme une vitrine \u00e9l\u00e9gante (grille de produits, filtres, boutons de contact WhatsApp)\u202f?<\/p>\n","protected":false},"excerpt":{"rendered":"<p>Veux-tu que je te pr\u00e9pare un guide pas-\u00e0-pas sp\u00e9cifique \u00e0 Divi pour mettre en forme ta boutique WooCommerce comme une vitrine \u00e9l\u00e9gante (grille de produits, filtres, boutons de contact WhatsApp)\u202f?<\/p>\n","protected":false},"featured_media":2499,"comment_status":"open","ping_status":"closed","template":"","meta":{"_et_pb_use_builder":"","_et_pb_old_content":"","_et_gb_content_width":""},"product_brand":[],"product_cat":[27],"product_tag":[],"class_list":{"0":"post-2536","1":"product","2":"type-product","3":"status-publish","4":"has-post-thumbnail","6":"product_cat-non-classe","8":"first","9":"instock","10":"shipping-taxable","11":"purchasable","12":"product-type-simple"},"_links":{"self":[{"href":"https:\/\/voudouant.org\/index.php\/wp-json\/wp\/v2\/product\/2536","targetHints":{"allow":["GET"]}}],"collection":[{"href":"https:\/\/voudouant.org\/index.php\/wp-json\/wp\/v2\/product"}],"about":[{"href":"https:\/\/voudouant.org\/index.php\/wp-json\/wp\/v2\/types\/product"}],"replies":[{"embeddable":true,"href":"https:\/\/voudouant.org\/index.php\/wp-json\/wp\/v2\/comments?post=2536"}],"wp:featuredmedia":[{"embeddable":true,"href":"https:\/\/voudouant.org\/index.php\/wp-json\/wp\/v2\/media\/2499"}],"wp:attachment":[{"href":"https:\/\/voudouant.org\/index.php\/wp-json\/wp\/v2\/media?parent=2536"}],"wp:term":[{"taxonomy":"product_brand","embeddable":true,"href":"https:\/\/voudouant.org\/index.php\/wp-json\/wp\/v2\/product_brand?post=2536"},{"taxonomy":"product_cat","embeddable":true,"href":"https:\/\/voudouant.org\/index.php\/wp-json\/wp\/v2\/product_cat?post=2536"},{"taxonomy":"product_tag","embeddable":true,"href":"https:\/\/voudouant.org\/index.php\/wp-json\/wp\/v2\/product_tag?post=2536"}],"curies":[{"name":"wp","href":"https:\/\/api.w.org\/{rel}","templated":true}]}}